{"id":101,"date":"2020-03-29T02:16:25","date_gmt":"2020-03-29T02:16:25","guid":{"rendered":"https:\/\/semedia.com.mx\/?page_id=101"},"modified":"2023-08-08T15:02:08","modified_gmt":"2023-08-08T15:02:08","slug":"inicio","status":"publish","type":"page","link":"https:\/\/semedia.com.mx\/en\/","title":{"rendered":"Home"},"content":{"rendered":"<p>[et_pb_section fb_built=&#8221;1&#8243; fullwidth=&#8221;on&#8221; _builder_version=&#8221;4.0.9&#8243; width=&#8221;100%&#8221; max_width=&#8221;100%&#8221; min_height=&#8221;488px&#8221; height=&#8221;420px&#8221; max_height=&#8221;1000px&#8221; custom_margin=&#8221;-7px||||false|false&#8221; custom_padding=&#8221;62px||1px||false|false&#8221; top_divider_style=&#8221;wave&#8221; top_divider_color=&#8221;#ffffff&#8221; top_divider_height=&#8221;52px&#8221; bottom_divider_style=&#8221;curve2&#8243; bottom_divider_color=&#8221;#ffffff&#8221; bottom_divider_height=&#8221;84px&#8221; global_colors_info=&#8221;{}&#8221;][et_pb_fullwidth_header title=&#8221;Dejanos contar tu historia&#8221; subhead=&#8221;FOTOGRAFIA | VIDEO | DOCUMENTAL&#8221; text_orientation=&#8221;center&#8221; button_one_url=&#8221;\/contacto&#8221; _builder_version=&#8221;4.14.8&#8243; title_font=&#8221;|||on|||||&#8221; title_text_align=&#8221;center&#8221; title_font_size=&#8221;56px&#8221; title_line_height=&#8221;1.4em&#8221; content_font_size=&#8221;19px&#8221; subhead_font=&#8221;Lato||||||||&#8221; subhead_text_align=&#8221;center&#8221; subhead_font_size=&#8221;19px&#8221; subhead_letter_spacing=&#8221;14px&#8221; use_background_color_gradient=&#8221;on&#8221; background_color_gradient_start=&#8221;#5636af&#8221; background_color_gradient_end=&#8221;#2c0049&#8243; background_color_gradient_direction=&#8221;105deg&#8221; background_color_gradient_start_position=&#8221;14%&#8221; background_color_gradient_end_position=&#8221;56%&#8221; button_one_icon_placement=&#8221;left&#8221; button_one_on_hover=&#8221;off&#8221; transform_scale=&#8221;114%|114%&#8221; max_width=&#8221;100%&#8221; module_alignment=&#8221;center&#8221; min_height=&#8221;879px&#8221; height=&#8221;747px&#8221; max_height=&#8221;965px&#8221; custom_margin=&#8221;0px||-48px||false|false&#8221; custom_padding=&#8221;29px||0px||false|false&#8221; global_colors_info=&#8221;{}&#8221;][\/et_pb_fullwidth_header][\/et_pb_section][et_pb_section fb_built=&#8221;1&#8243; _builder_version=&#8221;4.0.9&#8243; min_height=&#8221;712px&#8221; custom_margin=&#8221;3px||-86px|||&#8221; custom_padding=&#8221;3px|||||&#8221; global_colors_info=&#8221;{}&#8221;][et_pb_row column_structure=&#8221;1_3,1_3,1_3&#8243; _builder_version=&#8221;4.14.8&#8243; background_enable_image=&#8221;off&#8221; hover_enabled=&#8221;0&#8243; saved_tabs=&#8221;all&#8221; global_colors_info=&#8221;{}&#8221; sticky_enabled=&#8221;0&#8243;][et_pb_column type=&#8221;1_3&#8243; _builder_version=&#8221;4.0.9&#8243; global_colors_info=&#8221;{}&#8221;][et_pb_video src=&#8221;https:\/\/youtu.be\/HFISyRMbdJ0&#8243; image_src=&#8221;https:\/\/semedia.com.mx\/wp-content\/uploads\/2020\/03\/Salva-Auto-foto-S-scaled-1.jpg&#8221; thumbnail_overlay_color=&#8221;rgba(0,0,0,0.6)&#8221; _builder_version=&#8221;4.14.8&#8243; min_height=&#8221;206px&#8221; custom_margin=&#8221;0px|||||&#8221; custom_padding=&#8221;20px|20px|10px|20px|false|false&#8221; hover_enabled=&#8221;0&#8243; border_radii=&#8221;off||||&#8221; locked=&#8221;off&#8221; global_colors_info=&#8221;{}&#8221; sticky_enabled=&#8221;0&#8243;][\/et_pb_video][et_pb_text _builder_version=&#8221;4.14.8&#8243; text_font=&#8221;Lato|700|||||||&#8221; text_font_size=&#8221;17px&#8221; text_letter_spacing=&#8221;1px&#8221; header_font=&#8221;Lato|700|||||||&#8221; header_4_font=&#8221;|700||on|||||&#8221; header_4_text_align=&#8221;center&#8221; header_4_font_size=&#8221;25px&#8221; width=&#8221;100%&#8221; max_width=&#8221;100%&#8221; min_height=&#8221;260px&#8221; custom_margin=&#8221;-35px|-26px|55px|||&#8221; custom_padding=&#8221;20px|20px|20px|20px|false|false&#8221; locked=&#8221;off&#8221; global_colors_info=&#8221;{}&#8221;]<\/p>\n<h4><span lang=\"es\">FOTOGRAF\u00cdA<\/span><\/h4>\n<p><span>Las fotograf\u00edas son una forma popular de expresi\u00f3n art\u00edstica, as\u00ed como una herramienta para la documentaci\u00f3n y el registro visual de momentos, personas, lugares o acontecimientos importantes. <\/span><\/p>\n<p>[\/et_pb_text][et_pb_button button_url=&#8221;@ET-DC@eyJkeW5hbWljIjp0cnVlLCJjb250ZW50IjoicG9zdF9saW5rX3VybF9wYWdlIiwic2V0dGluZ3MiOnsicG9zdF9pZCI6IjQxIn19@&#8221; button_text=&#8221;Aprende mas&#8221; button_alignment=&#8221;center&#8221; _builder_version=&#8221;4.14.8&#8243; _dynamic_attributes=&#8221;button_url&#8221; custom_button=&#8221;on&#8221; button_text_color=&#8221;#0c71c3&#8243; global_colors_info=&#8221;{}&#8221;][\/et_pb_button][\/et_pb_column][et_pb_column type=&#8221;1_3&#8243; _builder_version=&#8221;4.0.9&#8243; global_colors_info=&#8221;{}&#8221;][et_pb_video src=&#8221;https:\/\/vimeo.com\/248254337&#8243; image_src=&#8221;https:\/\/semedia.com.mx\/wp-content\/uploads\/2020\/03\/Azulik-J.jpg&#8221; thumbnail_overlay_color=&#8221;rgba(0,0,0,0.6)&#8221; _builder_version=&#8221;4.0.9&#8243; min_height=&#8221;206px&#8221; custom_margin=&#8221;0px|||||&#8221; custom_padding=&#8221;20px|20px|10px|20px|false|false&#8221; border_radii=&#8221;off||||&#8221; global_colors_info=&#8221;{}&#8221;][\/et_pb_video][et_pb_text _builder_version=&#8221;4.14.8&#8243; text_font=&#8221;Lato|700|||||||&#8221; text_font_size=&#8221;17px&#8221; text_letter_spacing=&#8221;1px&#8221; header_font=&#8221;Lato|700|||||||&#8221; header_4_font=&#8221;|700||on|||||&#8221; header_4_text_align=&#8221;center&#8221; header_4_font_size=&#8221;25px&#8221; width=&#8221;100%&#8221; max_width=&#8221;100%&#8221; min_height=&#8221;265px&#8221; custom_margin=&#8221;-35px|-26px|48px|||&#8221; custom_padding=&#8221;20px|20px|7px|20px|false|false&#8221; global_colors_info=&#8221;{}&#8221;]<\/p>\n<h4><span lang=\"es\">\u00a0Video<\/span><\/h4>\n<p><span>Los videos son una forma popular de comunicaci\u00f3n y entretenimiento en la era digital. Se utilizan en una amplia variedad de contextos, como la televisi\u00f3n, el cine, las redes sociales, los sitios web y las plataformas de transmisi\u00f3n en l\u00ednea.<\/span><\/p>\n<p>[\/et_pb_text][et_pb_button button_url=&#8221;@ET-DC@eyJkeW5hbWljIjp0cnVlLCJjb250ZW50IjoicG9zdF9saW5rX3VybF9wYWdlIiwic2V0dGluZ3MiOnsicG9zdF9pZCI6IjE5In19@&#8221; button_text=&#8221;Aprende mas&#8221; button_alignment=&#8221;center&#8221; _builder_version=&#8221;4.0.9&#8243; _dynamic_attributes=&#8221;button_url&#8221; custom_button=&#8221;on&#8221; button_text_color=&#8221;#0c71c3&#8243; global_colors_info=&#8221;{}&#8221;][\/et_pb_button][\/et_pb_column][et_pb_column type=&#8221;1_3&#8243; _builder_version=&#8221;4.0.9&#8243; global_colors_info=&#8221;{}&#8221;][et_pb_video src=&#8221;https:\/\/www.youtube.com\/watch?v=bhtCmtlmuCE&#8221; image_src=&#8221;\/\/i.ytimg.com\/vi\/bhtCmtlmuCE\/hqdefault.jpg&#8221; thumbnail_overlay_color=&#8221;rgba(0,0,0,0.6)&#8221; _builder_version=&#8221;4.14.8&#8243; min_height=&#8221;191px&#8221; custom_padding=&#8221;20px|20px|10px|20px|false|false&#8221; border_radii=&#8221;off||||&#8221; global_colors_info=&#8221;{}&#8221;][\/et_pb_video][et_pb_text _builder_version=&#8221;4.14.8&#8243; text_font=&#8221;Lato|700|||||||&#8221; text_font_size=&#8221;17px&#8221; text_letter_spacing=&#8221;1px&#8221; header_font=&#8221;Lato|700|||||||&#8221; header_4_font=&#8221;|700||on|||||&#8221; header_4_text_align=&#8221;center&#8221; header_4_font_size=&#8221;25px&#8221; width=&#8221;100%&#8221; max_width=&#8221;100%&#8221; min_height=&#8221;307px&#8221; custom_margin=&#8221;-22px||7px|||&#8221; custom_padding=&#8221;20px|20px|0px|20px|false|false&#8221; global_colors_info=&#8221;{}&#8221;]<\/p>\n<h4>\u00a0documental<\/h4>\n<p><span>Un documental de video es un tipo de producci\u00f3n audiovisual que busca informar, educar o entretener al espectador mediante el uso de im\u00e1genes y sonidos reales. <\/span><\/p>\n<p>[\/et_pb_text][et_pb_button button_url=&#8221;@ET-DC@eyJkeW5hbWljIjp0cnVlLCJjb250ZW50IjoicG9zdF9saW5rX3VybF9wYWdlIiwic2V0dGluZ3MiOnsicG9zdF9pZCI6IjIxIn19@&#8221; button_text=&#8221;Aprende mas&#8221; button_alignment=&#8221;center&#8221; _builder_version=&#8221;4.0.9&#8243; _dynamic_attributes=&#8221;button_url&#8221; custom_button=&#8221;on&#8221; button_text_color=&#8221;#0c71c3&#8243; global_colors_info=&#8221;{}&#8221;][\/et_pb_button][\/et_pb_column][\/et_pb_row][\/et_pb_section][et_pb_section fb_built=&#8221;1&#8243; prev_background_color=&#8221;#ffffff&#8221; next_background_color=&#8221;#ffffff&#8221; _builder_version=&#8221;4.2.2&#8243; use_background_color_gradient=&#8221;on&#8221; background_color_gradient_start=&#8221;#5636af&#8221; background_color_gradient_end=&#8221;#2c0049&#8243; background_color_gradient_direction=&#8221;90deg&#8221; background_color_gradient_start_position=&#8221;15%&#8221; background_color_gradient_end_position=&#8221;84%&#8221; custom_padding=&#8221;78px||0px|||&#8221; top_divider_style=&#8221;arrow3&#8243; top_divider_height=&#8221;25px&#8221; bottom_divider_style=&#8221;arrow3&#8243; bottom_divider_height=&#8221;25px&#8221; global_colors_info=&#8221;{}&#8221;][et_pb_row _builder_version=&#8221;4.2.2&#8243; custom_padding=&#8221;0px||0px|||&#8221; global_colors_info=&#8221;{}&#8221;][et_pb_column type=&#8221;4_4&#8243; _builder_version=&#8221;4.2.2&#8243; global_colors_info=&#8221;{}&#8221;][et_pb_image _builder_version=&#8221;4.2.2&#8243; custom_margin=&#8221;||-86px|||&#8221; global_colors_info=&#8221;{}&#8221;][\/et_pb_image][et_pb_blurb url=&#8221;https:\/\/salvadivas.picfair.com\/&#8221; url_new_window=&#8221;on&#8221; use_icon=&#8221;on&#8221; font_icon=&#8221;&#xe0cf;||divi||400&#8243; icon_color=&#8221;#ffffff&#8221; image_icon_width=&#8221;100px&#8221; _builder_version=&#8221;4.14.8&#8243; header_level=&#8221;h2&#8243; header_font=&#8221;Lato|||on|||||&#8221; header_text_align=&#8221;center&#8221; header_text_color=&#8221;#3a007c&#8221; header_font_size=&#8221;29px&#8221; header_letter_spacing=&#8221;17px&#8221; body_text_align=&#8221;center&#8221; body_letter_spacing=&#8221;1px&#8221; body_line_height=&#8221;1.6em&#8221; text_orientation=&#8221;center&#8221; min_height=&#8221;64px&#8221; animation_style=&#8221;fade&#8221; link_option_url=&#8221;https:\/\/salvadivas.picfair.com\/&#8221; link_option_url_new_window=&#8221;on&#8221; icon_font_size=&#8221;100px&#8221; global_colors_info=&#8221;{}&#8221;]<\/p>\n<h2 style=\"text-align: center;\"><span style=\"color: #ffffff;\">SOMOS UN EQUIPO DE PROFESIONALES<\/span><\/h2>\n<p>[\/et_pb_blurb][\/et_pb_column][\/et_pb_row][et_pb_row _builder_version=&#8221;4.2.2&#8243; background_color=&#8221;rgba(0,0,0,0)&#8221; background_enable_image=&#8221;off&#8221; parallax=&#8221;on&#8221; min_height=&#8221;579px&#8221; filter_contrast=&#8221;200%&#8221; global_colors_info=&#8221;{}&#8221;][et_pb_column type=&#8221;4_4&#8243; _builder_version=&#8221;4.2.2&#8243; background_color=&#8221;rgba(0,0,0,0)&#8221; background_enable_image=&#8221;off&#8221; parallax=&#8221;on&#8221; global_colors_info=&#8221;{}&#8221;][et_pb_slider show_pagination=&#8221;off&#8221; _builder_version=&#8221;4.2.2&#8243; background_color=&#8221;rgba(0,0,0,0)&#8221; min_height=&#8221;515px&#8221; auto=&#8221;on&#8221; auto_speed=&#8221;5000&#8243; link_option_url=&#8221;https:\/\/semedia.com.mx\/?page_id=108&#8243; global_colors_info=&#8221;{}&#8221;][et_pb_slide heading=&#8221;FOTOGR\u00c1FIA&#8221; button_text=&#8221;Pulsa &#8221; button_link=&#8221;https:\/\/semedia.com.mx\/?page_id=108&#8243; image=&#8221;https:\/\/semedia.com.mx\/wp-content\/uploads\/2020\/03\/SE-REEL-Logo-BN.png&#8221; _builder_version=&#8221;4.2.2&#8243; background_enable_color=&#8221;off&#8221; background_image=&#8221;https:\/\/semedia.com.mx\/wp-content\/uploads\/2020\/03\/Muerte-plumas-S.jpg&#8221; background_enable_image=&#8221;on&#8221; parallax=&#8221;on&#8221; parallax_method=&#8221;off&#8221; global_colors_info=&#8221;{}&#8221; sticky_transition=&#8221;on&#8221;]<\/p>\n<p>Sitios, Personas, Panoramicas, A\u00e9reas<\/p>\n<p>[\/et_pb_slide][et_pb_slide heading=&#8221;VID\u00c9OS&#8221; button_text=&#8221;Pulsa &#8221; button_link=&#8221;https:\/\/semedia.com.mx\/?page_id=125&#8243; image=&#8221;https:\/\/semedia.com.mx\/wp-content\/uploads\/2020\/03\/SE-REEL-Logo-BN.png&#8221; _builder_version=&#8221;4.2.2&#8243; background_enable_color=&#8221;off&#8221; background_enable_image=&#8221;off&#8221; background_video_mp4=&#8221;https:\/\/semedia.com.mx\/wp-content\/uploads\/2020\/03\/Gran-Canyon-3s-480-.mp4&#8243; background_enable_video_mp4=&#8221;on&#8221; background_video_width=&#8221;8&#8243; background_video_height=&#8221;4.5&#8243; global_colors_info=&#8221;{}&#8221; sticky_transition=&#8221;on&#8221;]<\/p>\n<p>Sitios, Personas, Panoramicas, A\u00e9reas<\/p>\n<p>[\/et_pb_slide][et_pb_slide heading=&#8221;DOCUMENTALES&#8221; button_text=&#8221;Pulsa &#8221; button_link=&#8221;https:\/\/semedia.com.mx\/?page_id=114&#8243; image=&#8221;https:\/\/semedia.com.mx\/wp-content\/uploads\/2020\/03\/SE-REEL-Logo-BN.png&#8221; allow_player_pause=&#8221;on&#8221; _builder_version=&#8221;4.2.2&#8243; background_enable_color=&#8221;off&#8221; background_video_mp4=&#8221;https:\/\/semedia.com.mx\/wp-content\/uploads\/2020\/03\/Nuves-enano-480.mov&#8221; background_enable_video_mp4=&#8221;on&#8221; background_video_width=&#8221;8&#8243; background_video_height=&#8221;4.5&#8243; global_colors_info=&#8221;{}&#8221; sticky_transition=&#8221;on&#8221;]<\/p>\n<p>Sitios, Personas, Panoramicas, A\u00e9reas<\/p>\n<p>[\/et_pb_slide][\/et_pb_slider][\/et_pb_column][\/et_pb_row][\/et_pb_section][et_pb_section fb_built=&#8221;1&#8243; prev_background_color=&#8221;#ffffff&#8221; _builder_version=&#8221;4.2.2&#8243; use_background_color_gradient=&#8221;on&#8221; background_color_gradient_start=&#8221;#5636af&#8221; background_color_gradient_end=&#8221;#2c0049&#8243; background_color_gradient_direction=&#8221;105deg&#8221; background_color_gradient_start_position=&#8221;14%&#8221; background_color_gradient_end_position=&#8221;56%&#8221; min_height=&#8221;601px&#8221; custom_margin=&#8221;-21px|||||&#8221; custom_padding=&#8221;36px||0px|||&#8221; top_divider_style=&#8221;wave2&#8243; top_divider_height=&#8221;45px&#8221; saved_tabs=&#8221;all&#8221; global_colors_info=&#8221;{}&#8221;][et_pb_row _builder_version=&#8221;4.0.9&#8243; global_colors_info=&#8221;{}&#8221;][et_pb_column type=&#8221;4_4&#8243; _builder_version=&#8221;4.0.9&#8243; global_colors_info=&#8221;{}&#8221;][et_pb_text _builder_version=&#8221;4.14.8&#8243; text_font=&#8221;Lato|700|||||||&#8221; text_text_color=&#8221;#ffffff&#8221; text_font_size=&#8221;30px&#8221; header_font=&#8221;Lato|300||on|||||&#8221; header_text_align=&#8221;center&#8221; header_font_size=&#8221;26px&#8221; header_letter_spacing=&#8221;8px&#8221; header_4_font=&#8221;Lato|300||on|||||&#8221; header_4_text_align=&#8221;center&#8221; header_4_text_color=&#8221;#ffffff&#8221; header_4_font_size=&#8221;29px&#8221; header_4_letter_spacing=&#8221;8px&#8221; global_colors_info=&#8221;{}&#8221;]<\/p>\n<h4>Por que escogernos<\/h4>\n<p>&nbsp;<\/p>\n<p>[\/et_pb_text][\/et_pb_column][\/et_pb_row][et_pb_row column_structure=&#8221;1_3,1_3,1_3&#8243; module_class=&#8221;animation-blurb&#8221; _builder_version=&#8221;4.0.9&#8243; min_height=&#8221;353px&#8221; custom_padding=&#8221;0px||0px|||&#8221; global_colors_info=&#8221;{}&#8221;][et_pb_column type=&#8221;1_3&#8243; _builder_version=&#8221;4.0.9&#8243; global_colors_info=&#8221;{}&#8221;][et_pb_blurb title=&#8221;TRABAJO PROFESIONAL&#8221; use_icon=&#8221;on&#8221; font_icon=&#8221;&#x4e;||divi||400&#8243; icon_color=&#8221;#ffffff&#8221; module_class=&#8221;animation-blurb&#8221; _builder_version=&#8221;4.14.8&#8243; header_font=&#8221;Lato|700||on|||||&#8221; header_text_align=&#8221;center&#8221; header_font_size=&#8221;23px&#8221; body_font=&#8221;Lato|700|||||||&#8221; body_text_align=&#8221;left&#8221; body_font_size=&#8221;17px&#8221; body_line_height=&#8221;1.9em&#8221; background_enable_image=&#8221;off&#8221; background_layout=&#8221;dark&#8221; min_height=&#8221;331px&#8221; custom_margin=&#8221;||32px||false|false&#8221; custom_padding=&#8221;20px|20px|0px|20px|false|false&#8221; animation_style=&#8221;fade&#8221; animation_delay=&#8221;200ms&#8221; custom_css_main_element=&#8221;border: 1px solid #fFFFFF;||padding: 25px;||border-radius: 4px;&#8221; global_colors_info=&#8221;{}&#8221;]<\/p>\n<p class=\"tw-data-text tw-text-large tw-ta\" data-placeholder=\"Traducci\u00f3n\" id=\"tw-target-text\" dir=\"ltr\">Creatividad, conocimientos s\u00f3lidos, habilidad para resolver problemas, organizaci\u00f3n,\u00a0 comunicaci\u00f3n efectiva, adaptabilidad, proactividad, trabajo en equipo, responsabilidad, excelencia y perfeccionismo.<\/p>\n<p>&nbsp;<\/p>\n<p style=\"text-align: center;\">[\/et_pb_blurb][\/et_pb_column][et_pb_column type=&#8221;1_3&#8243; _builder_version=&#8221;4.0.9&#8243; global_colors_info=&#8221;{}&#8221;][et_pb_blurb title=&#8221;BUENAS IDEAS&#8221; use_icon=&#8221;on&#8221; font_icon=&#8221;&#xe007;||divi||400&#8243; icon_color=&#8221;#ffffff&#8221; module_class=&#8221;animation-blurb&#8221; _builder_version=&#8221;4.14.8&#8243; header_font=&#8221;Lato|700||on|||||&#8221; header_text_align=&#8221;center&#8221; header_font_size=&#8221;23px&#8221; body_font=&#8221;Lato|700|||||||&#8221; body_text_align=&#8221;left&#8221; body_font_size=&#8221;17px&#8221; body_line_height=&#8221;1.9em&#8221; background_enable_image=&#8221;off&#8221; background_layout=&#8221;dark&#8221; custom_margin=&#8221;||||false|false&#8221; custom_padding=&#8221;20px|20px|20px|20px|false|false&#8221; animation_style=&#8221;fade&#8221; animation_delay=&#8221;700ms&#8221; custom_css_main_element=&#8221;border: 1px solid #fFFFFF;||padding: 25px;||border-radius: 4px;&#8221; global_colors_info=&#8221;{}&#8221;]<\/p>\n<p class=\"tw-data-text tw-text-large tw-ta\" data-placeholder=\"Traducci\u00f3n\" id=\"tw-target-text\" dir=\"ltr\"><span>Ideas de calidad,\u00a0 tener un buen conocimiento y dominio del\u00a0 \u00e1rea de expertise. Estar bien informado y actualizado le permitir\u00e1 proponer ideas fundamentadas y viables.<\/span><\/p>\n<p>&nbsp;<\/p>\n<p>&nbsp;<\/p>\n<p style=\"text-align: center;\">[\/et_pb_blurb][\/et_pb_column][et_pb_column type=&#8221;1_3&#8243; _builder_version=&#8221;4.0.9&#8243; global_colors_info=&#8221;{}&#8221;][et_pb_blurb title=&#8221;ENTREGA R\u00c1PIDA&#8221; use_icon=&#8221;on&#8221; font_icon=&#8221;&#x7d;||divi||400&#8243; icon_color=&#8221;#ffffff&#8221; module_class=&#8221;animation-blurb&#8221; _builder_version=&#8221;4.14.8&#8243; header_font=&#8221;Lato|700||on|||||&#8221; header_text_align=&#8221;center&#8221; header_font_size=&#8221;23px&#8221; body_font=&#8221;Lato|700|||||||&#8221; body_text_align=&#8221;left&#8221; body_font_size=&#8221;17px&#8221; body_line_height=&#8221;1.9em&#8221; background_enable_image=&#8221;off&#8221; background_layout=&#8221;dark&#8221; custom_margin=&#8221;||||false|false&#8221; custom_padding=&#8221;20px|20px|20px|20px|false|false&#8221; animation_style=&#8221;fade&#8221; animation_delay=&#8221;1200ms&#8221; custom_css_main_element=&#8221;border: 1px solid #fFFFFF;||padding: 25px;||border-radius: 4px;&#8221; global_colors_info=&#8221;{}&#8221;]<\/p>\n<p class=\"tw-data-text tw-text-large tw-ta\" data-placeholder=\"Traducci\u00f3n\" id=\"tw-target-text\" dir=\"ltr\"><span>La entrega r\u00e1pida requiere una buena organizaci\u00f3n y gesti\u00f3n del tiempo.\u00a0 Somos capaces de planificar el trabajo de manera eficiente y cumplir con los plazos establecidos.<\/span><\/p>\n<p>&nbsp;<\/p>\n<p style=\"text-align: center;\">[\/et_pb_blurb][\/et_pb_column][\/et_pb_row][\/et_pb_section][et_pb_section fb_built=&#8221;1&#8243; disabled_on=&#8221;on|off|off&#8221; _builder_version=&#8221;4.14.8&#8243; min_height=&#8221;106px&#8221; custom_margin=&#8221;||-9px|||&#8221; custom_padding=&#8221;0px||0px|||&#8221; saved_tabs=&#8221;all&#8221; global_colors_info=&#8221;{}&#8221;][et_pb_row _builder_version=&#8221;4.0.9&#8243; global_colors_info=&#8221;{}&#8221;][et_pb_column type=&#8221;4_4&#8243; _builder_version=&#8221;4.0.9&#8243; global_colors_info=&#8221;{}&#8221;][et_pb_text _builder_version=&#8221;4.14.8&#8243; header_font=&#8221;Lato|700|||||||&#8221; header_letter_spacing=&#8221;7px&#8221; header_2_font=&#8221;Lato|900|||||||&#8221; header_2_text_align=&#8221;center&#8221; header_2_text_color=&#8221;rgba(0,0,0,0.56)&#8221; header_2_font_size=&#8221;31px&#8221; header_2_letter_spacing=&#8221;9px&#8221; global_colors_info=&#8221;{}&#8221;]<\/p>\n<h2 style=\"text-align: center;\">LUGARES PARA LOS QUE TRABAJAMOS<\/h2>\n<p>[\/et_pb_text][\/et_pb_column][\/et_pb_row][\/et_pb_section][et_pb_section fb_built=&#8221;1&#8243; _builder_version=&#8221;4.0.9&#8243; min_height=&#8221;145px&#8221; custom_padding=&#8221;0px||0px|||&#8221; global_colors_info=&#8221;{}&#8221;][et_pb_row column_structure=&#8221;1_4,1_4,1_4,1_4&#8243; _builder_version=&#8221;4.0.9&#8243; min_height=&#8221;127px&#8221; global_colors_info=&#8221;{}&#8221;][et_pb_column type=&#8221;1_4&#8243; _builder_version=&#8221;4.0.9&#8243; global_colors_info=&#8221;{}&#8221;][et_pb_image src=&#8221;https:\/\/semedia.com.mx\/wp-content\/uploads\/2020\/03\/AZULIK-2.png&#8221; _builder_version=&#8221;4.2.2&#8243; width=&#8221;49%&#8221; module_alignment=&#8221;center&#8221; filter_opacity=&#8221;66%&#8221; global_colors_info=&#8221;{}&#8221;][\/et_pb_image][\/et_pb_column][et_pb_column type=&#8221;1_4&#8243; _builder_version=&#8221;4.0.9&#8243; global_colors_info=&#8221;{}&#8221;][et_pb_image src=&#8221;https:\/\/semedia.com.mx\/wp-content\/uploads\/2020\/03\/MARNHOS-BN-1.png&#8221; align=&#8221;center&#8221; _builder_version=&#8221;4.2.2&#8243; width=&#8221;49%&#8221; module_alignment=&#8221;center&#8221; custom_margin=&#8221;-16px||||false|false&#8221; filter_opacity=&#8221;66%&#8221; global_colors_info=&#8221;{}&#8221;][\/et_pb_image][\/et_pb_column][et_pb_column type=&#8221;1_4&#8243; _builder_version=&#8221;4.0.9&#8243; global_colors_info=&#8221;{}&#8221;][et_pb_image src=&#8221;https:\/\/semedia.com.mx\/wp-content\/uploads\/2020\/03\/LIFEWAYS-BN-1.png&#8221; _builder_version=&#8221;4.2.2&#8243; width=&#8221;50%&#8221; module_alignment=&#8221;center&#8221; custom_margin=&#8221;-20px||||false|false&#8221; global_colors_info=&#8221;{}&#8221;][\/et_pb_image][\/et_pb_column][et_pb_column type=&#8221;1_4&#8243; _builder_version=&#8221;4.0.9&#8243; global_colors_info=&#8221;{}&#8221;][et_pb_image src=&#8221;https:\/\/semedia.com.mx\/wp-content\/uploads\/2020\/03\/Exconvento-de-Tepoztlan-copy-1.png&#8221; align=&#8221;center&#8221; _builder_version=&#8221;4.2.2&#8243; width=&#8221;50%&#8221; custom_margin=&#8221;-22px||||false|false&#8221; filter_opacity=&#8221;54%&#8221; global_colors_info=&#8221;{}&#8221;][\/et_pb_image][\/et_pb_column][\/et_pb_row][\/et_pb_section]<\/p>\n","protected":false},"excerpt":{"rendered":"<p>FOTOGRAF\u00cdA Las fotograf\u00edas son una forma popular de expresi\u00f3n art\u00edstica, as\u00ed como una herramienta para la documentaci\u00f3n y el registro visual de momentos, personas, lugares o acontecimientos importantes. \u00a0Video Los videos son una forma popular de comunicaci\u00f3n y entretenimiento en la era digital. Se utilizan en una amplia variedad de contextos, como la televisi\u00f3n, el [&hellip;]<\/p>\n","protected":false},"author":1,"featured_media":0,"parent":0,"menu_order":0,"comment_status":"closed","ping_status":"closed","template":"","meta":{"_et_pb_use_builder":"on","_et_pb_old_content":"","_et_gb_content_width":"","om_disable_all_campaigns":false,"_monsterinsights_skip_tracking":false,"_monsterinsights_sitenote_active":false,"_monsterinsights_sitenote_note":"","_monsterinsights_sitenote_category":0,"_uf_show_specific_survey":0,"_uf_disable_surveys":false,"footnotes":""},"class_list":["post-101","page","type-page","status-publish","hentry"],"_links":{"self":[{"href":"https:\/\/semedia.com.mx\/en\/wp-json\/wp\/v2\/pages\/101","targetHints":{"allow":["GET"]}}],"collection":[{"href":"https:\/\/semedia.com.mx\/en\/wp-json\/wp\/v2\/pages"}],"about":[{"href":"https:\/\/semedia.com.mx\/en\/wp-json\/wp\/v2\/types\/page"}],"author":[{"embeddable":true,"href":"https:\/\/semedia.com.mx\/en\/wp-json\/wp\/v2\/users\/1"}],"replies":[{"embeddable":true,"href":"https:\/\/semedia.com.mx\/en\/wp-json\/wp\/v2\/comments?post=101"}],"version-history":[{"count":35,"href":"https:\/\/semedia.com.mx\/en\/wp-json\/wp\/v2\/pages\/101\/revisions"}],"predecessor-version":[{"id":207627,"href":"https:\/\/semedia.com.mx\/en\/wp-json\/wp\/v2\/pages\/101\/revisions\/207627"}],"wp:attachment":[{"href":"https:\/\/semedia.com.mx\/en\/wp-json\/wp\/v2\/media?parent=101"}],"curies":[{"name":"wp","href":"https:\/\/api.w.org\/{rel}","templated":true}]}}